{"id":6725,"date":"2024-03-05T15:30:13","date_gmt":"2024-03-05T15:30:13","guid":{"rendered":"https:\/\/theos.pt\/?page_id=6725"},"modified":"2024-09-02T16:46:00","modified_gmt":"2024-09-02T15:46:00","slug":"meet-the-chef","status":"publish","type":"page","link":"https:\/\/theos.pt\/en\/meet-the-chef\/","title":{"rendered":"Meet the Chef"},"content":{"rendered":"\t\t<div data-elementor-type=\"wp-page\" data-elementor-id=\"6725\" class=\"elementor elementor-6725 elementor-6720\">\n\t\t\t\t\t\t<section class=\"elementor-section elementor-top-section elementor-element elementor-element-28118293 pt-section-content-fullwidth pt_scroll_y_120 pt-parallax-on-scroll elementor-section-boxed elementor-section-height-default elementor-section-height-default\" data-id=\"28118293\" data-element_type=\"section\" data-e-type=\"section\" data-settings=\"{&quot;background_background&quot;:&quot;classic&quot;}\" data-pt-parallax-y=\"120\" style=\"background-image: none;\" data-pt-background-image=\"https:\/\/theos.pt\/wp-content\/uploads\/2024\/06\/MT_THEOS_polvo.jpg\">\n\t\t\t\t\t\t\t<div class=\"elementor-background-overlay\"><\/div>\n\t\t\t\t\t\t\t<div class=\"elementor-container elementor-column-gap-no\">\n\t\t\t\t\t<div class=\"elementor-column elementor-col-100 elementor-top-column elementor-element elementor-element-70684cd dark-color\" data-id=\"70684cd\" data-element_type=\"column\" data-e-type=\"column\">\n\t\t\t<div class=\"elementor-widget-wrap elementor-element-populated\">\n\t\t\t\t\t\t<div class=\"elementor-element elementor-element-6eccfb4e elementor-widget elementor-widget-pt_title\" data-id=\"6eccfb4e\" data-element_type=\"widget\" data-e-type=\"widget\" data-widget_type=\"pt_title.default\">\n\t\t\t\t<div class=\"elementor-widget-container\">\n\t\t\t\t\t\n        <div class=\"pt-title-wrap text-center\">\t            <div class=\"pt-subtitle-wrap\"><span class=\"pt-subtitle color-white style-bordered\">meet<\/span><\/div>\t            <h1 class=\"pt-title\">\n\t                our chef\t            <\/h1>        <\/div>\t\t\t\t<\/div>\n\t\t\t\t<\/div>\n\t\t\t\t\t<\/div>\n\t\t<\/div>\n\t\t\t\t\t<\/div>\n\t\t<\/section>\n\t\t\t\t<section class=\"elementor-section elementor-top-section elementor-element elementor-element-d7f0878 elementor-section-boxed elementor-section-height-default elementor-section-height-default\" data-id=\"d7f0878\" data-element_type=\"section\" data-e-type=\"section\">\n\t\t\t\t\t\t<div class=\"elementor-container elementor-column-gap-no\">\n\t\t\t\t\t<div class=\"elementor-column elementor-col-25 elementor-top-column elementor-element elementor-element-9f18d4f\" data-id=\"9f18d4f\" data-element_type=\"column\" data-e-type=\"column\">\n\t\t\t<div class=\"elementor-widget-wrap elementor-element-populated\">\n\t\t\t\t\t\t<div class=\"elementor-element elementor-element-98cc09b elementor-widget elementor-widget-pt_rounded_image\" data-id=\"98cc09b\" data-element_type=\"widget\" data-e-type=\"widget\" data-widget_type=\"pt_rounded_image.default\">\n\t\t\t\t<div class=\"elementor-widget-container\">\n\t\t\t\t\t\t\t\t\t<div class=\"pt-rounded-image\" style=\"border-radius: var(--rounded) 0 var(--rounded) 0;\">\n\t\t\t\t\t\t\t\t\t\t<img fetchpriority=\"high\" decoding=\"async\" width=\"1067\" height=\"1601\" src=\"https:\/\/theos.pt\/wp-content\/uploads\/2024\/03\/chef-julio-kampo-akua-theos.jpg\" class=\"attachment-full size-full wp-image-6787\" alt=\"chef julio pereira restaurante comida portuguesa\" srcset=\"https:\/\/theos.pt\/wp-content\/uploads\/2024\/03\/chef-julio-kampo-akua-theos.jpg 1067w, https:\/\/theos.pt\/wp-content\/uploads\/2024\/03\/chef-julio-kampo-akua-theos-200x300.jpg 200w, https:\/\/theos.pt\/wp-content\/uploads\/2024\/03\/chef-julio-kampo-akua-theos-682x1024.jpg 682w, https:\/\/theos.pt\/wp-content\/uploads\/2024\/03\/chef-julio-kampo-akua-theos-768x1152.jpg 768w, https:\/\/theos.pt\/wp-content\/uploads\/2024\/03\/chef-julio-kampo-akua-theos-1024x1536.jpg 1024w, https:\/\/theos.pt\/wp-content\/uploads\/2024\/03\/chef-julio-kampo-akua-theos-780x1170.jpg 780w, https:\/\/theos.pt\/wp-content\/uploads\/2024\/03\/chef-julio-kampo-akua-theos-600x900.jpg 600w, https:\/\/theos.pt\/wp-content\/uploads\/2024\/03\/chef-julio-kampo-akua-theos-550x825.jpg 550w, https:\/\/theos.pt\/wp-content\/uploads\/2024\/03\/chef-julio-kampo-akua-theos-370x555.jpg 370w, https:\/\/theos.pt\/wp-content\/uploads\/2024\/03\/chef-julio-kampo-akua-theos-255x383.jpg 255w\" sizes=\"(max-width: 1067px) 100vw, 1067px\" \/>\t\t\t\t\t\t\t\t\t<\/div>\t\t\t\t<\/div>\n\t\t\t\t<\/div>\n\t\t\t\t\t<\/div>\n\t\t<\/div>\n\t\t\t\t<div class=\"elementor-column elementor-col-25 elementor-top-column elementor-element elementor-element-24115a1 elementor-hidden-mobile\" data-id=\"24115a1\" data-element_type=\"column\" data-e-type=\"column\">\n\t\t\t<div class=\"elementor-widget-wrap elementor-element-populated\">\n\t\t\t\t\t\t<div class=\"elementor-element elementor-element-8d143e3 full-height elementor-widget elementor-widget-pt_vertical_divider\" data-id=\"8d143e3\" data-element_type=\"widget\" data-e-type=\"widget\" data-widget_type=\"pt_vertical_divider.default\">\n\t\t\t\t<div class=\"elementor-widget-container\">\n\t\t\t\t\t\n        <div class=\"pt-vertical-divider\">            <div class=\"pt-vd-line\"><\/div>        <\/div>\t\t\t\t<\/div>\n\t\t\t\t<\/div>\n\t\t\t\t\t<\/div>\n\t\t<\/div>\n\t\t\t\t<div class=\"elementor-column elementor-col-50 elementor-top-column elementor-element elementor-element-0576e15\" data-id=\"0576e15\" data-element_type=\"column\" data-e-type=\"column\">\n\t\t\t<div class=\"elementor-widget-wrap elementor-element-populated\">\n\t\t\t\t\t\t<div class=\"elementor-element elementor-element-6b9c91c elementor-widget elementor-widget-pt_title\" data-id=\"6b9c91c\" data-element_type=\"widget\" data-e-type=\"widget\" data-widget_type=\"pt_title.default\">\n\t\t\t\t<div class=\"elementor-widget-container\">\n\t\t\t\t\t\n        <div class=\"pt-title-wrap text-center-mobile\">\t            <div class=\"pt-subtitle-wrap\"><span class=\"pt-subtitle color-white style-bordered\">CHEF<\/span><\/div>\t            <h5 class=\"pt-title color-primary\">\n\t                J\u00falio Pereira\t            <\/h5>\t            <div class=\"pt-title-text color-white\">\n\t                <p>He was born in 1978 in Carvoeira, a small village on the west coast of Portugal, between the Serra de Sintra and the waves of Ericeira and the historic convent of Mafra.<\/p>\n\n<p>It was in his father\u2019s butchers, his grandfather\u2019s vegetable gardens, and his mother\u2019s kitchen that it all began. The essence of the product and its season is engraved in his gene pool. In his customs and experiences, his passion for cooking led him to the Estoril Hotel School in 1993. With chef\u2019s cap in hand, he travelled the world, working in Italy at the Hotel Principe di Piemonte in Turin; Spain with Chef Sergi Arola; Brazil; Angola, where he opened the country\u2019s first 5-star hotel; and S\u00e3o Tom\u00e9 and Pr\u00edncipe, at the Hotel BomBom on the island of Pr\u00edncipe.<\/p>\n\n<p>In 2013, with the birth of his daughter Maria, he came to the island of Madeira, where the quality of life and excellent surroundings had already won him over at the turn of the millennium.<\/p>\n\n<p>It was there, in December 2018, in the heart of the city of Funchal, that Kampo by Chef J\u00falio Pereira was born. With this new space, he has brought back the meats and country produce that have accompanied him since his childhood days in the village in western Portugal. Kampo is a cosy restaurant in Funchal, where all these years of experience come together, accompanied by a team of promising young people.<\/p>\n\n<p>The concept quickly won over the palates of Madeirans and many tourists visiting the island, and in July 2019 he took the plunge into \u00c1kua by Chef J\u00falio Pereira, bringing the flavours of the sea and his childhood in Ericeira.<\/p>\n\n<p>After the remarkable success of Kampo and \u00c1kua, where the product is honoured, in March 2024 Theo\u2019s reappears \u2013 where the history of other times gives way to the essence of Portuguese cuisine incorporated with the modern concept of sharing. With the momentum of Theo\u2019s, the new Yuki restaurant is born \u2013 exploring the Japanese cuisine that inspired the dishes at Kampo and \u00c1kua.<\/p>\n\n<p>Based on the essence of a type of Japanese bar called an izakaya, Yuki is the result of the gastronomy that inspires our restaurants and the concept of sharing and comfort.<\/p>\t            <\/div>        <\/div>\t\t\t\t<\/div>\n\t\t\t\t<\/div>\n\t\t\t\t\t<\/div>\n\t\t<\/div>\n\t\t\t\t\t<\/div>\n\t\t<\/section>\n\t\t\t\t<\/div>\n\t\t","protected":false},"excerpt":{"rendered":"<p>meet our chef CHEF J\u00falio Pereira He was born in 1978 in Carvoeira, a small village on the west coast of Portugal, between the Serra de Sintra and the waves of Ericeira and the historic convent of Mafra. It was in his father\u2019s butchers, his grandfather\u2019s vegetable gardens, and his mother\u2019s kitchen that it all &#8230;<\/p>\n","protected":false},"author":1,"featured_media":6787,"parent":0,"menu_order":0,"comment_status":"closed","ping_status":"closed","template":"template-wide-content.php","meta":{"patiotime_single_page_hide_site_header":"","patiotime_single_page_site_header_source":"","patiotime_single_page_custom_site_header":"0","patiotime_single_page_custom_sticky_site_header":"0","patiotime_single_page_hide_page_title":"on","patiotime_single_page_header_section_size":"","patiotime_single_page_header_background_color":"","patiotime_single_page_header_background_position_x":"center","patiotime_single_page_header_background_position_y":"center","patiotime_single_page_header_background_size":"cover","patiotime_single_page_header_background_repeat":"off","patiotime_single_page_header_background_scroll":"on","patiotime_single_page_header_text_color":"","patiotime_single_page_header_show_breadcrumb":"","patiotime_single_page_site_footer_hide_main":"","patiotime_single_custom_site_footer_main_source":"","patiotime_single_custom_site_footer_main":"0","patiotime_single_page_site_footer_hide_above":"","patiotime_single_custom_site_footer_above_source":"","patiotime_single_custom_site_footer_above":"0","patiotime_single_page_site_footer_hide_instagram":"","patiotime_single_page_site_footer_hide_bottom":"","patiotime_single_custom_mobile_menu_source":"","patiotime_single_custom_mobile_menu":"0","patiotime_single_custom_mobile_menu_animation":"","patiotime_single_custom_mobile_menu_width":"","patiotime_single_custom_mobile_menu_custom_width":375,"footnotes":""},"class_list":["post-6725","page","type-page","status-publish","has-post-thumbnail","hentry"],"yoast_head":"<!-- This site is optimized with the Yoast SEO plugin v27.3 - https:\/\/yoast.com\/product\/yoast-seo-wordpress\/ -->\n<title>Meet the Chef J\u00falio Pereira - Theo&#039;s<\/title>\n<meta name=\"description\" content=\"It was in his father&#039;s butchers, his grandfather&#039;s vegetable gardens and his mother&#039;s kitchen that it all began. The essence of the product and its season is engraved in its gene.\" \/>\n<meta name=\"robots\" content=\"index, follow, max-snippet:-1, max-image-preview:large, max-video-preview:-1\" \/>\n<link rel=\"canonical\" href=\"https:\/\/theos.pt\/en\/meet-the-chef\/\" \/>\n<meta property=\"og:locale\" content=\"en_US\" \/>\n<meta property=\"og:type\" content=\"article\" \/>\n<meta property=\"og:title\" content=\"Meet the Chef J\u00falio Pereira - Theo&#039;s\" \/>\n<meta property=\"og:description\" content=\"It was in his father&#039;s butchers, his grandfather&#039;s vegetable gardens and his mother&#039;s kitchen that it all began. The essence of the product and its season is engraved in its gene.\" \/>\n<meta property=\"og:url\" content=\"https:\/\/theos.pt\/en\/meet-the-chef\/\" \/>\n<meta property=\"og:site_name\" content=\"Theo&#039;s\" \/>\n<meta property=\"article:publisher\" content=\"https:\/\/www.facebook.com\/restaurante.theos\" \/>\n<meta property=\"article:modified_time\" content=\"2024-09-02T15:46:00+00:00\" \/>\n<meta property=\"og:image\" content=\"https:\/\/theos.pt\/wp-content\/uploads\/2024\/03\/chef-julio-kampo-akua-theos.jpg\" \/>\n\t<meta property=\"og:image:width\" content=\"1067\" \/>\n\t<meta property=\"og:image:height\" content=\"1601\" \/>\n\t<meta property=\"og:image:type\" content=\"image\/jpeg\" \/>\n<meta name=\"twitter:card\" content=\"summary_large_image\" \/>\n<meta name=\"twitter:label1\" content=\"Est. reading time\" \/>\n\t<meta name=\"twitter:data1\" content=\"2 minutes\" \/>\n<script type=\"application\/ld+json\" class=\"yoast-schema-graph\">{\"@context\":\"https:\\\/\\\/schema.org\",\"@graph\":[{\"@type\":[\"WebPage\",\"AboutPage\"],\"@id\":\"https:\\\/\\\/theos.pt\\\/en\\\/meet-the-chef\\\/\",\"url\":\"https:\\\/\\\/theos.pt\\\/en\\\/meet-the-chef\\\/\",\"name\":\"Meet the Chef J\u00falio Pereira - Theo&#039;s\",\"isPartOf\":{\"@id\":\"https:\\\/\\\/theos.pt\\\/en\\\/#website\"},\"primaryImageOfPage\":{\"@id\":\"https:\\\/\\\/theos.pt\\\/en\\\/meet-the-chef\\\/#primaryimage\"},\"image\":{\"@id\":\"https:\\\/\\\/theos.pt\\\/en\\\/meet-the-chef\\\/#primaryimage\"},\"thumbnailUrl\":\"https:\\\/\\\/theos.pt\\\/wp-content\\\/uploads\\\/2024\\\/03\\\/chef-julio-kampo-akua-theos.jpg\",\"datePublished\":\"2024-03-05T15:30:13+00:00\",\"dateModified\":\"2024-09-02T15:46:00+00:00\",\"description\":\"It was in his father's butchers, his grandfather's vegetable gardens and his mother's kitchen that it all began. The essence of the product and its season is engraved in its gene.\",\"breadcrumb\":{\"@id\":\"https:\\\/\\\/theos.pt\\\/en\\\/meet-the-chef\\\/#breadcrumb\"},\"inLanguage\":\"en-US\",\"potentialAction\":[{\"@type\":\"ReadAction\",\"target\":[\"https:\\\/\\\/theos.pt\\\/en\\\/meet-the-chef\\\/\"]}]},{\"@type\":\"ImageObject\",\"inLanguage\":\"en-US\",\"@id\":\"https:\\\/\\\/theos.pt\\\/en\\\/meet-the-chef\\\/#primaryimage\",\"url\":\"https:\\\/\\\/theos.pt\\\/wp-content\\\/uploads\\\/2024\\\/03\\\/chef-julio-kampo-akua-theos.jpg\",\"contentUrl\":\"https:\\\/\\\/theos.pt\\\/wp-content\\\/uploads\\\/2024\\\/03\\\/chef-julio-kampo-akua-theos.jpg\",\"width\":1067,\"height\":1601,\"caption\":\"chef julio pereira restaurante comida portuguesa\"},{\"@type\":\"BreadcrumbList\",\"@id\":\"https:\\\/\\\/theos.pt\\\/en\\\/meet-the-chef\\\/#breadcrumb\",\"itemListElement\":[{\"@type\":\"ListItem\",\"position\":1,\"name\":\"Home\",\"item\":\"https:\\\/\\\/theos.pt\\\/en\\\/\"},{\"@type\":\"ListItem\",\"position\":2,\"name\":\"Meet the Chef\"}]},{\"@type\":\"WebSite\",\"@id\":\"https:\\\/\\\/theos.pt\\\/en\\\/#website\",\"url\":\"https:\\\/\\\/theos.pt\\\/en\\\/\",\"name\":\"Theo's\",\"description\":\"by Chef J\u00falio Pereira\",\"publisher\":{\"@id\":\"https:\\\/\\\/theos.pt\\\/en\\\/#organization\"},\"potentialAction\":[{\"@type\":\"SearchAction\",\"target\":{\"@type\":\"EntryPoint\",\"urlTemplate\":\"https:\\\/\\\/theos.pt\\\/en\\\/?s={search_term_string}\"},\"query-input\":{\"@type\":\"PropertyValueSpecification\",\"valueRequired\":true,\"valueName\":\"search_term_string\"}}],\"inLanguage\":\"en-US\"},{\"@type\":\"Organization\",\"@id\":\"https:\\\/\\\/theos.pt\\\/en\\\/#organization\",\"name\":\"Theo's\",\"url\":\"https:\\\/\\\/theos.pt\\\/en\\\/\",\"logo\":{\"@type\":\"ImageObject\",\"inLanguage\":\"en-US\",\"@id\":\"https:\\\/\\\/theos.pt\\\/en\\\/#\\\/schema\\\/logo\\\/image\\\/\",\"url\":\"https:\\\/\\\/theos.pt\\\/wp-content\\\/uploads\\\/2024\\\/03\\\/theos-logo-512-@2x.png\",\"contentUrl\":\"https:\\\/\\\/theos.pt\\\/wp-content\\\/uploads\\\/2024\\\/03\\\/theos-logo-512-@2x.png\",\"width\":1024,\"height\":444,\"caption\":\"Theo's\"},\"image\":{\"@id\":\"https:\\\/\\\/theos.pt\\\/en\\\/#\\\/schema\\\/logo\\\/image\\\/\"},\"sameAs\":[\"https:\\\/\\\/www.facebook.com\\\/restaurante.theos\",\"https:\\\/\\\/www.instagram.com\\\/restaurante.theos\\\/\"]}]}<\/script>\n<!-- \/ Yoast SEO plugin. -->","yoast_head_json":{"title":"Meet the Chef J\u00falio Pereira - Theo&#039;s","description":"It was in his father's butchers, his grandfather's vegetable gardens and his mother's kitchen that it all began. The essence of the product and its season is engraved in its gene.","robots":{"index":"index","follow":"follow","max-snippet":"max-snippet:-1","max-image-preview":"max-image-preview:large","max-video-preview":"max-video-preview:-1"},"canonical":"https:\/\/theos.pt\/en\/meet-the-chef\/","og_locale":"en_US","og_type":"article","og_title":"Meet the Chef J\u00falio Pereira - Theo&#039;s","og_description":"It was in his father's butchers, his grandfather's vegetable gardens and his mother's kitchen that it all began. The essence of the product and its season is engraved in its gene.","og_url":"https:\/\/theos.pt\/en\/meet-the-chef\/","og_site_name":"Theo&#039;s","article_publisher":"https:\/\/www.facebook.com\/restaurante.theos","article_modified_time":"2024-09-02T15:46:00+00:00","og_image":[{"width":1067,"height":1601,"url":"https:\/\/theos.pt\/wp-content\/uploads\/2024\/03\/chef-julio-kampo-akua-theos.jpg","type":"image\/jpeg"}],"twitter_card":"summary_large_image","twitter_misc":{"Est. reading time":"2 minutes"},"schema":{"@context":"https:\/\/schema.org","@graph":[{"@type":["WebPage","AboutPage"],"@id":"https:\/\/theos.pt\/en\/meet-the-chef\/","url":"https:\/\/theos.pt\/en\/meet-the-chef\/","name":"Meet the Chef J\u00falio Pereira - Theo&#039;s","isPartOf":{"@id":"https:\/\/theos.pt\/en\/#website"},"primaryImageOfPage":{"@id":"https:\/\/theos.pt\/en\/meet-the-chef\/#primaryimage"},"image":{"@id":"https:\/\/theos.pt\/en\/meet-the-chef\/#primaryimage"},"thumbnailUrl":"https:\/\/theos.pt\/wp-content\/uploads\/2024\/03\/chef-julio-kampo-akua-theos.jpg","datePublished":"2024-03-05T15:30:13+00:00","dateModified":"2024-09-02T15:46:00+00:00","description":"It was in his father's butchers, his grandfather's vegetable gardens and his mother's kitchen that it all began. The essence of the product and its season is engraved in its gene.","breadcrumb":{"@id":"https:\/\/theos.pt\/en\/meet-the-chef\/#breadcrumb"},"inLanguage":"en-US","potentialAction":[{"@type":"ReadAction","target":["https:\/\/theos.pt\/en\/meet-the-chef\/"]}]},{"@type":"ImageObject","inLanguage":"en-US","@id":"https:\/\/theos.pt\/en\/meet-the-chef\/#primaryimage","url":"https:\/\/theos.pt\/wp-content\/uploads\/2024\/03\/chef-julio-kampo-akua-theos.jpg","contentUrl":"https:\/\/theos.pt\/wp-content\/uploads\/2024\/03\/chef-julio-kampo-akua-theos.jpg","width":1067,"height":1601,"caption":"chef julio pereira restaurante comida portuguesa"},{"@type":"BreadcrumbList","@id":"https:\/\/theos.pt\/en\/meet-the-chef\/#breadcrumb","itemListElement":[{"@type":"ListItem","position":1,"name":"Home","item":"https:\/\/theos.pt\/en\/"},{"@type":"ListItem","position":2,"name":"Meet the Chef"}]},{"@type":"WebSite","@id":"https:\/\/theos.pt\/en\/#website","url":"https:\/\/theos.pt\/en\/","name":"Theo's","description":"by Chef J\u00falio Pereira","publisher":{"@id":"https:\/\/theos.pt\/en\/#organization"},"potentialAction":[{"@type":"SearchAction","target":{"@type":"EntryPoint","urlTemplate":"https:\/\/theos.pt\/en\/?s={search_term_string}"},"query-input":{"@type":"PropertyValueSpecification","valueRequired":true,"valueName":"search_term_string"}}],"inLanguage":"en-US"},{"@type":"Organization","@id":"https:\/\/theos.pt\/en\/#organization","name":"Theo's","url":"https:\/\/theos.pt\/en\/","logo":{"@type":"ImageObject","inLanguage":"en-US","@id":"https:\/\/theos.pt\/en\/#\/schema\/logo\/image\/","url":"https:\/\/theos.pt\/wp-content\/uploads\/2024\/03\/theos-logo-512-@2x.png","contentUrl":"https:\/\/theos.pt\/wp-content\/uploads\/2024\/03\/theos-logo-512-@2x.png","width":1024,"height":444,"caption":"Theo's"},"image":{"@id":"https:\/\/theos.pt\/en\/#\/schema\/logo\/image\/"},"sameAs":["https:\/\/www.facebook.com\/restaurante.theos","https:\/\/www.instagram.com\/restaurante.theos\/"]}]}},"_links":{"self":[{"href":"https:\/\/theos.pt\/en\/wp-json\/wp\/v2\/pages\/6725","targetHints":{"allow":["GET"]}}],"collection":[{"href":"https:\/\/theos.pt\/en\/wp-json\/wp\/v2\/pages"}],"about":[{"href":"https:\/\/theos.pt\/en\/wp-json\/wp\/v2\/types\/page"}],"author":[{"embeddable":true,"href":"https:\/\/theos.pt\/en\/wp-json\/wp\/v2\/users\/1"}],"replies":[{"embeddable":true,"href":"https:\/\/theos.pt\/en\/wp-json\/wp\/v2\/comments?post=6725"}],"version-history":[{"count":31,"href":"https:\/\/theos.pt\/en\/wp-json\/wp\/v2\/pages\/6725\/revisions"}],"predecessor-version":[{"id":7616,"href":"https:\/\/theos.pt\/en\/wp-json\/wp\/v2\/pages\/6725\/revisions\/7616"}],"wp:featuredmedia":[{"embeddable":true,"href":"https:\/\/theos.pt\/en\/wp-json\/wp\/v2\/media\/6787"}],"wp:attachment":[{"href":"https:\/\/theos.pt\/en\/wp-json\/wp\/v2\/media?parent=6725"}],"curies":[{"name":"wp","href":"https:\/\/api.w.org\/{rel}","templated":true}]}}